{"id":250,"date":"2020-05-07T18:23:50","date_gmt":"2020-05-07T18:23:50","guid":{"rendered":"http:\/\/www.obalkydodalky.cz\/?post_type=product&#038;p=250"},"modified":"2026-04-12T03:22:12","modified_gmt":"2026-04-12T03:22:12","slug":"pohlednice-snezenky","status":"publish","type":"product","link":"https:\/\/www.obalkydodalky.cz\/?product=pohlednice-snezenky","title":{"rendered":"Pohlednice &#8222;Sn\u011b\u017eenky&#8220;"},"content":{"rendered":"<p>Pohlednice je vytvo\u0159en\u00e1 elektronickou kresbou a vyti\u0161t\u011bn\u00e1 na k\u0159\u00eddov\u00e9m pap\u00ed\u0159e.<\/p>\n","protected":false},"excerpt":{"rendered":"<blockquote><p>Vyj\u00e1d\u0159en\u00ed l\u00e1sky a \u00facty v n\u011b\u017en\u00e9m psan\u00ed.<br \/>\nPro ka\u017edou sle\u010dnu i pan\u00ed.<\/p>\n<p>Nejen na MD\u017d&#8230;<\/p><\/blockquote>\n","protected":false},"featured_media":243,"comment_status":"open","ping_status":"closed","template":"","meta":{"jetpack_post_was_ever_published":false},"product_brand":[],"product_cat":[17],"product_tag":[],"class_list":{"0":"post-250","1":"product","2":"type-product","3":"status-publish","4":"has-post-thumbnail","6":"product_cat-viewcards","7":"pa_vel-p-pohlednice-standart","9":"first","10":"instock","11":"purchasable","12":"product-type-variable"},"jetpack_sharing_enabled":true,"_links":{"self":[{"href":"https:\/\/www.obalkydodalky.cz\/index.php?rest_route=\/wp\/v2\/product\/250","targetHints":{"allow":["GET"]}}],"collection":[{"href":"https:\/\/www.obalkydodalky.cz\/index.php?rest_route=\/wp\/v2\/product"}],"about":[{"href":"https:\/\/www.obalkydodalky.cz\/index.php?rest_route=\/wp\/v2\/types\/product"}],"replies":[{"embeddable":true,"href":"https:\/\/www.obalkydodalky.cz\/index.php?rest_route=%2Fwp%2Fv2%2Fcomments&post=250"}],"wp:featuredmedia":[{"embeddable":true,"href":"https:\/\/www.obalkydodalky.cz\/index.php?rest_route=\/wp\/v2\/media\/243"}],"wp:attachment":[{"href":"https:\/\/www.obalkydodalky.cz\/index.php?rest_route=%2Fwp%2Fv2%2Fmedia&parent=250"}],"wp:term":[{"taxonomy":"product_brand","embeddable":true,"href":"https:\/\/www.obalkydodalky.cz\/index.php?rest_route=%2Fwp%2Fv2%2Fproduct_brand&post=250"},{"taxonomy":"product_cat","embeddable":true,"href":"https:\/\/www.obalkydodalky.cz\/index.php?rest_route=%2Fwp%2Fv2%2Fproduct_cat&post=250"},{"taxonomy":"product_tag","embeddable":true,"href":"https:\/\/www.obalkydodalky.cz\/index.php?rest_route=%2Fwp%2Fv2%2Fproduct_tag&post=250"}],"curies":[{"name":"wp","href":"https:\/\/api.w.org\/{rel}","templated":true}]}}