{"id":228,"date":"2020-04-28T13:55:47","date_gmt":"2020-04-28T13:55:47","guid":{"rendered":"http:\/\/www.obalkydodalky.cz\/?post_type=product&#038;p=228"},"modified":"2026-04-27T22:00:06","modified_gmt":"2026-04-27T22:00:06","slug":"pohlednice-les-v-mlze","status":"publish","type":"product","link":"https:\/\/www.obalkydodalky.cz\/?product=pohlednice-les-v-mlze","title":{"rendered":"Pohlednice &#8222;Les v mlze&#8220;"},"content":{"rendered":"<p>Pohlednice je vytvo\u0159en\u00e1 elektronickou kresbou a vyti\u0161t\u011bn\u00e1 na k\u0159\u00eddov\u00e9m pap\u00ed\u0159e.<\/p>\n<p>&nbsp;<\/p>\n","protected":false},"excerpt":{"rendered":"[playlist type=\"video\" ids=\"229\"]\n<blockquote><p>Dech lesa mrhol\u00edc\u00ed v korun\u00e1ch strom\u016f<br \/>\na ty, s \u010distou hlavou po de\u0161ti,<\/p>\n<p>pos\u00edl\u00e1\u0161 pozdrav dom\u016f.<\/p><\/blockquote>\n","protected":false},"featured_media":221,"comment_status":"open","ping_status":"closed","template":"","meta":{"jetpack_post_was_ever_published":false},"product_brand":[],"product_cat":[17],"product_tag":[],"class_list":{"0":"post-228","1":"product","2":"type-product","3":"status-publish","4":"has-post-thumbnail","6":"product_cat-viewcards","7":"pa_vel-p-pohlednice-standart","9":"first","10":"instock","11":"purchasable","12":"product-type-simple"},"jetpack_sharing_enabled":true,"_links":{"self":[{"href":"https:\/\/www.obalkydodalky.cz\/index.php?rest_route=\/wp\/v2\/product\/228","targetHints":{"allow":["GET"]}}],"collection":[{"href":"https:\/\/www.obalkydodalky.cz\/index.php?rest_route=\/wp\/v2\/product"}],"about":[{"href":"https:\/\/www.obalkydodalky.cz\/index.php?rest_route=\/wp\/v2\/types\/product"}],"replies":[{"embeddable":true,"href":"https:\/\/www.obalkydodalky.cz\/index.php?rest_route=%2Fwp%2Fv2%2Fcomments&post=228"}],"wp:featuredmedia":[{"embeddable":true,"href":"https:\/\/www.obalkydodalky.cz\/index.php?rest_route=\/wp\/v2\/media\/221"}],"wp:attachment":[{"href":"https:\/\/www.obalkydodalky.cz\/index.php?rest_route=%2Fwp%2Fv2%2Fmedia&parent=228"}],"wp:term":[{"taxonomy":"product_brand","embeddable":true,"href":"https:\/\/www.obalkydodalky.cz\/index.php?rest_route=%2Fwp%2Fv2%2Fproduct_brand&post=228"},{"taxonomy":"product_cat","embeddable":true,"href":"https:\/\/www.obalkydodalky.cz\/index.php?rest_route=%2Fwp%2Fv2%2Fproduct_cat&post=228"},{"taxonomy":"product_tag","embeddable":true,"href":"https:\/\/www.obalkydodalky.cz\/index.php?rest_route=%2Fwp%2Fv2%2Fproduct_tag&post=228"}],"curies":[{"name":"wp","href":"https:\/\/api.w.org\/{rel}","templated":true}]}}