{"id":225,"date":"2020-04-28T13:31:47","date_gmt":"2020-04-28T13:31:47","guid":{"rendered":"http:\/\/www.obalkydodalky.cz\/?post_type=product&#038;p=225"},"modified":"2026-02-04T19:46:10","modified_gmt":"2026-02-04T19:46:10","slug":"obalka-les-v-mlze","status":"publish","type":"product","link":"https:\/\/www.obalkydodalky.cz\/?product=obalka-les-v-mlze","title":{"rendered":"Ob\u00e1lka &#8222;Les v mlze&#8220;"},"content":{"rendered":"<p>Akvarelem malovan\u00fd origin\u00e1l na akvarelov\u00e9m pap\u00ed\u0159e.<\/p>\n<p>Ob\u00e1lka je vytvo\u0159ena pouze v jednom kusu.<br \/>\nMo\u017enost vytvo\u0159en\u00ed\u00a0podobn\u00e9ho origin\u00e1lu na objedn\u00e1vku.<\/p>\n","protected":false},"excerpt":{"rendered":"<blockquote><p>Dech lesa mrhol\u00edc\u00ed v korun\u00e1ch strom\u016f.<br \/>\nA Ty, s \u010distou hlavou po de\u0161ti,<\/p>\n<p>pos\u00edl\u00e1\u0161 pozdrav dom\u016f.<\/p><\/blockquote>\n","protected":false},"featured_media":223,"comment_status":"open","ping_status":"closed","template":"","meta":{"jetpack_post_was_ever_published":false},"product_brand":[],"product_cat":[16],"product_tag":[],"class_list":{"0":"post-225","1":"product","2":"type-product","3":"status-publish","4":"has-post-thumbnail","6":"product_cat-envelopes","7":"pa_vel-o-obalka-s","9":"first","10":"onbackorder","11":"sold-individually","12":"purchasable","13":"product-type-simple"},"jetpack_sharing_enabled":true,"_links":{"self":[{"href":"https:\/\/www.obalkydodalky.cz\/index.php?rest_route=\/wp\/v2\/product\/225","targetHints":{"allow":["GET"]}}],"collection":[{"href":"https:\/\/www.obalkydodalky.cz\/index.php?rest_route=\/wp\/v2\/product"}],"about":[{"href":"https:\/\/www.obalkydodalky.cz\/index.php?rest_route=\/wp\/v2\/types\/product"}],"replies":[{"embeddable":true,"href":"https:\/\/www.obalkydodalky.cz\/index.php?rest_route=%2Fwp%2Fv2%2Fcomments&post=225"}],"wp:featuredmedia":[{"embeddable":true,"href":"https:\/\/www.obalkydodalky.cz\/index.php?rest_route=\/wp\/v2\/media\/223"}],"wp:attachment":[{"href":"https:\/\/www.obalkydodalky.cz\/index.php?rest_route=%2Fwp%2Fv2%2Fmedia&parent=225"}],"wp:term":[{"taxonomy":"product_brand","embeddable":true,"href":"https:\/\/www.obalkydodalky.cz\/index.php?rest_route=%2Fwp%2Fv2%2Fproduct_brand&post=225"},{"taxonomy":"product_cat","embeddable":true,"href":"https:\/\/www.obalkydodalky.cz\/index.php?rest_route=%2Fwp%2Fv2%2Fproduct_cat&post=225"},{"taxonomy":"product_tag","embeddable":true,"href":"https:\/\/www.obalkydodalky.cz\/index.php?rest_route=%2Fwp%2Fv2%2Fproduct_tag&post=225"}],"curies":[{"name":"wp","href":"https:\/\/api.w.org\/{rel}","templated":true}]}}