{"id":219,"date":"2020-04-24T16:56:43","date_gmt":"2020-04-24T16:56:43","guid":{"rendered":"http:\/\/www.obalkydodalky.cz\/?post_type=product&#038;p=219"},"modified":"2026-04-12T03:21:56","modified_gmt":"2026-04-12T03:21:56","slug":"obalka-liska-se-stromy","status":"publish","type":"product","link":"https:\/\/www.obalkydodalky.cz\/?product=obalka-liska-se-stromy","title":{"rendered":"Ob\u00e1lka &#8222;Li\u0161ka se stromy&#8220;"},"content":{"rendered":"<p>Ob\u00e1lka je malovan\u00fd origin\u00e1l na akvarelov\u00e9m pap\u00ed\u0159e.<br \/>\nUvnit\u0159 ob\u00e1lky jsou r\u016fzn\u00e9 druhy, barvy a tvary pap\u00edru<br \/>\n[dva akvarelov\u00e9, z nich jeden je vyra\u017een\u00fd do kruhu,<br \/>\ndruh\u00fd obd\u00e9ln\u00edkov\u00fd pap\u00edr v mintov\u00e9 barv\u011b plus<br \/>\njeden extra pauzovac\u00ed pap\u00edr].<\/p>\n<p>Vyhotoven\u00fd je pouze tento origin\u00e1l.<br \/>\nMo\u017enost na objedn\u00e1vku vytvo\u0159it podobn\u00fd origin\u00e1l.<\/p>\n","protected":false},"excerpt":{"rendered":"<blockquote><p>Mezi stromy dumaj\u00edc\u00ed li\u0161ka.<br \/>\n&#8230;<br \/>\nM\u011b\u0159\u00ed jak\u00e1 je ve v\u011btv\u00edch v\u00fd\u0161ka.<br \/>\nKde kon\u010d\u00ed v o\u010d\u00edch slunce svit.<br \/>\nA kde v\u00edtr v obloze je skryt.<\/p><\/blockquote>\n","protected":false},"featured_media":215,"comment_status":"open","ping_status":"closed","template":"","meta":{"jetpack_post_was_ever_published":false},"product_brand":[],"product_cat":[16],"product_tag":[],"class_list":{"0":"post-219","1":"product","2":"type-product","3":"status-publish","4":"has-post-thumbnail","6":"product_cat-envelopes","7":"pa_vel-o-obalka-m","9":"first","10":"instock","11":"sold-individually","12":"purchasable","13":"product-type-simple"},"jetpack_sharing_enabled":true,"_links":{"self":[{"href":"https:\/\/www.obalkydodalky.cz\/index.php?rest_route=\/wp\/v2\/product\/219","targetHints":{"allow":["GET"]}}],"collection":[{"href":"https:\/\/www.obalkydodalky.cz\/index.php?rest_route=\/wp\/v2\/product"}],"about":[{"href":"https:\/\/www.obalkydodalky.cz\/index.php?rest_route=\/wp\/v2\/types\/product"}],"replies":[{"embeddable":true,"href":"https:\/\/www.obalkydodalky.cz\/index.php?rest_route=%2Fwp%2Fv2%2Fcomments&post=219"}],"wp:featuredmedia":[{"embeddable":true,"href":"https:\/\/www.obalkydodalky.cz\/index.php?rest_route=\/wp\/v2\/media\/215"}],"wp:attachment":[{"href":"https:\/\/www.obalkydodalky.cz\/index.php?rest_route=%2Fwp%2Fv2%2Fmedia&parent=219"}],"wp:term":[{"taxonomy":"product_brand","embeddable":true,"href":"https:\/\/www.obalkydodalky.cz\/index.php?rest_route=%2Fwp%2Fv2%2Fproduct_brand&post=219"},{"taxonomy":"product_cat","embeddable":true,"href":"https:\/\/www.obalkydodalky.cz\/index.php?rest_route=%2Fwp%2Fv2%2Fproduct_cat&post=219"},{"taxonomy":"product_tag","embeddable":true,"href":"https:\/\/www.obalkydodalky.cz\/index.php?rest_route=%2Fwp%2Fv2%2Fproduct_tag&post=219"}],"curies":[{"name":"wp","href":"https:\/\/api.w.org\/{rel}","templated":true}]}}