{"id":205,"date":"2020-04-24T14:42:25","date_gmt":"2020-04-24T14:42:25","guid":{"rendered":"http:\/\/www.obalkydodalky.cz\/?post_type=product&#038;p=205"},"modified":"2026-04-27T21:59:49","modified_gmt":"2026-04-27T21:59:49","slug":"kolekce-k-tobe","status":"publish","type":"product","link":"https:\/\/www.obalkydodalky.cz\/?product=kolekce-k-tobe","title":{"rendered":"Ob\u00e1lky z kolekce &#8222;K Tob\u011b&#8220;"},"content":{"rendered":"<p>Akvarelem malovan\u00e9 origin\u00e1ly na akvarelov\u00e9m pap\u00ed\u0159e.<\/p>\n<p>Ka\u017ed\u00e1 ob\u00e1lka je vytvo\u0159ena pouze v jednom kusu.<br \/>\nMo\u017enost vytvo\u0159en\u00ed\u00a0podobn\u00e9ho origin\u00e1lu na objedn\u00e1vku.<\/p>\n","protected":false},"excerpt":{"rendered":"<blockquote><p>Kolekce &#8222;K Tob\u011b&#8220; promlouv\u00e1 do d\u00e1lky za\u00a0zamilovan\u00e9, cestovatele a v\u0161echny, kter\u00fdm se st\u00fdsk\u00e1&#8230;<\/p><\/blockquote>\n","protected":false},"featured_media":218,"comment_status":"open","ping_status":"closed","template":"","meta":{"jetpack_post_was_ever_published":false},"product_brand":[],"product_cat":[16],"product_tag":[],"class_list":{"0":"post-205","1":"product","2":"type-product","3":"status-publish","4":"has-post-thumbnail","6":"product_cat-envelopes","7":"pa_vel-o-obalka-s","8":"pa_vel-o-obalka-xs","10":"first","11":"instock","12":"purchasable","13":"product-type-variable"},"jetpack_sharing_enabled":true,"_links":{"self":[{"href":"https:\/\/www.obalkydodalky.cz\/index.php?rest_route=\/wp\/v2\/product\/205","targetHints":{"allow":["GET"]}}],"collection":[{"href":"https:\/\/www.obalkydodalky.cz\/index.php?rest_route=\/wp\/v2\/product"}],"about":[{"href":"https:\/\/www.obalkydodalky.cz\/index.php?rest_route=\/wp\/v2\/types\/product"}],"replies":[{"embeddable":true,"href":"https:\/\/www.obalkydodalky.cz\/index.php?rest_route=%2Fwp%2Fv2%2Fcomments&post=205"}],"wp:featuredmedia":[{"embeddable":true,"href":"https:\/\/www.obalkydodalky.cz\/index.php?rest_route=\/wp\/v2\/media\/218"}],"wp:attachment":[{"href":"https:\/\/www.obalkydodalky.cz\/index.php?rest_route=%2Fwp%2Fv2%2Fmedia&parent=205"}],"wp:term":[{"taxonomy":"product_brand","embeddable":true,"href":"https:\/\/www.obalkydodalky.cz\/index.php?rest_route=%2Fwp%2Fv2%2Fproduct_brand&post=205"},{"taxonomy":"product_cat","embeddable":true,"href":"https:\/\/www.obalkydodalky.cz\/index.php?rest_route=%2Fwp%2Fv2%2Fproduct_cat&post=205"},{"taxonomy":"product_tag","embeddable":true,"href":"https:\/\/www.obalkydodalky.cz\/index.php?rest_route=%2Fwp%2Fv2%2Fproduct_tag&post=205"}],"curies":[{"name":"wp","href":"https:\/\/api.w.org\/{rel}","templated":true}]}}