{"id":96,"date":"2022-11-24T11:08:58","date_gmt":"2022-11-24T11:08:58","guid":{"rendered":"http:\/\/www.obalkydodalky.cz\/?page_id=96"},"modified":"2022-11-24T11:08:58","modified_gmt":"2022-11-24T11:08:58","slug":"o-nas","status":"publish","type":"page","link":"https:\/\/www.obalkydodalky.cz\/?page_id=96","title":{"rendered":"Dom\u016f"},"content":{"rendered":"<div style=\"height:35px\" aria-hidden=\"true\" class=\"wp-block-spacer\"><\/div><div class=\"wp-block-media-text alignwide has-media-on-the-right is-stacked-on-mobile\" style=\"grid-template-columns:auto 61%\"><figure class=\"wp-block-media-text__media\"><img loading=\"lazy\" decoding=\"async\" width=\"1024\" height=\"683\" data-attachment-id=\"164\" data-permalink=\"https:\/\/www.obalkydodalky.cz\/?attachment_id=164\" data-orig-file=\"https:\/\/www.obalkydodalky.cz\/wp-content\/uploads\/2020\/04\/Upraven\u00e9-p\u00edrko-moucha-ve-scetchbook-1-3-scaled.jpg\" data-orig-size=\"2560,1707\" data-comments-opened=\"1\" data-image-meta=\"{&quot;aperture&quot;:&quot;0&quot;,&quot;credit&quot;:&quot;&quot;,&quot;camera&quot;:&quot;&quot;,&quot;caption&quot;:&quot;&quot;,&quot;created_timestamp&quot;:&quot;0&quot;,&quot;copyright&quot;:&quot;&quot;,&quot;focal_length&quot;:&quot;0&quot;,&quot;iso&quot;:&quot;0&quot;,&quot;shutter_speed&quot;:&quot;0&quot;,&quot;title&quot;:&quot;&quot;,&quot;orientation&quot;:&quot;0&quot;}\" data-image-title=\"Upraven\u00e9 p\u00edrko moucha ve scetchbook 1-3\" data-image-description=\"\" data-image-caption=\"\" data-medium-file=\"https:\/\/www.obalkydodalky.cz\/wp-content\/uploads\/2020\/04\/Upraven\u00e9-p\u00edrko-moucha-ve-scetchbook-1-3-300x200.jpg\" data-large-file=\"https:\/\/www.obalkydodalky.cz\/wp-content\/uploads\/2020\/04\/Upraven\u00e9-p\u00edrko-moucha-ve-scetchbook-1-3-1024x683.jpg\" src=\"http:\/\/www.obalkydodalky.cz\/wp-content\/uploads\/2020\/04\/Upraven\u00e9-p\u00edrko-moucha-ve-scetchbook-1-3-1024x683.jpg\" alt=\"\" class=\"wp-image-164 size-full\" srcset=\"https:\/\/www.obalkydodalky.cz\/wp-content\/uploads\/2020\/04\/Upraven\u00e9-p\u00edrko-moucha-ve-scetchbook-1-3-1024x683.jpg 1024w, https:\/\/www.obalkydodalky.cz\/wp-content\/uploads\/2020\/04\/Upraven\u00e9-p\u00edrko-moucha-ve-scetchbook-1-3-scaled-324x216.jpg 324w, https:\/\/www.obalkydodalky.cz\/wp-content\/uploads\/2020\/04\/Upraven\u00e9-p\u00edrko-moucha-ve-scetchbook-1-3-scaled-416x277.jpg 416w, https:\/\/www.obalkydodalky.cz\/wp-content\/uploads\/2020\/04\/Upraven\u00e9-p\u00edrko-moucha-ve-scetchbook-1-3-300x200.jpg 300w, https:\/\/www.obalkydodalky.cz\/wp-content\/uploads\/2020\/04\/Upraven\u00e9-p\u00edrko-moucha-ve-scetchbook-1-3-768x512.jpg 768w, https:\/\/www.obalkydodalky.cz\/wp-content\/uploads\/2020\/04\/Upraven\u00e9-p\u00edrko-moucha-ve-scetchbook-1-3-1536x1024.jpg 1536w, https:\/\/www.obalkydodalky.cz\/wp-content\/uploads\/2020\/04\/Upraven\u00e9-p\u00edrko-moucha-ve-scetchbook-1-3-2048x1365.jpg 2048w\" sizes=\"auto, (max-width: 1024px) 100vw, 1024px\" \/><\/figure><div class=\"wp-block-media-text__content\"><blockquote class=\"wp-block-quote has-text-align-center is-style-default is-layout-flow wp-block-quote-is-layout-flow\"><p><br><em>Ob\u00e1lky, svatebn\u00ed ozn\u00e1men\u00ed, pohlednice i v\u00edce. &nbsp;<\/em><br><em>Autorsk\u00e1 ru\u010dn\u00ed tvorba na m\u00edru.<\/em><br><em>Digit\u00e1ln\u011b i z pap\u00edru.<\/em><\/p><\/blockquote><\/div><\/div><div style=\"height:128px\" aria-hidden=\"true\" class=\"wp-block-spacer\"><\/div><p><\/p><p class=\"has-text-align-center\" style=\"font-size:19px\">   ob\u00e1lkydod\u00e1lky je online obchod s autorsk\u00fdmi v\u00fdrobky<br>\u2013 dopisn\u00ed p\u0159\u00e1n\u00ed a ozn\u00e1men\u00ed \u2013<br> ru\u010dn\u011b kreslen\u00e1 na tabletu a ti\u0161t\u011bn\u00e1 na pap\u00edr nebo utvo\u0159en\u00e1 do digit\u00e1ln\u00ed animace. <br>Kresby a grafiku utv\u00e1\u0159\u00edm i dle individu\u00e1ln\u00edch p\u0159\u00e1n\u00ed z\u00e1kazn\u00edka.<br><br><br>&#8222;<em>Sd\u00edlet origin\u00e1l<\/em>.&#8220;<\/p><p class=\"has-text-align-center\"><br>J.K.<\/p><div class=\"wp-block-image\"><figure class=\"aligncenter size-large is-resized\"><img loading=\"lazy\" decoding=\"async\" data-attachment-id=\"441\" data-permalink=\"https:\/\/www.obalkydodalky.cz\/?attachment_id=441\" data-orig-file=\"https:\/\/www.obalkydodalky.cz\/wp-content\/uploads\/2020\/06\/Signatura-JK-png.png\" data-orig-size=\"987,1103\" data-comments-opened=\"1\" data-image-meta=\"{&quot;aperture&quot;:&quot;0&quot;,&quot;credit&quot;:&quot;&quot;,&quot;camera&quot;:&quot;&quot;,&quot;caption&quot;:&quot;&quot;,&quot;created_timestamp&quot;:&quot;0&quot;,&quot;copyright&quot;:&quot;&quot;,&quot;focal_length&quot;:&quot;0&quot;,&quot;iso&quot;:&quot;0&quot;,&quot;shutter_speed&quot;:&quot;0&quot;,&quot;title&quot;:&quot;&quot;,&quot;orientation&quot;:&quot;0&quot;}\" data-image-title=\"Signatura JK\" data-image-description=\"\" data-image-caption=\"\" data-medium-file=\"https:\/\/www.obalkydodalky.cz\/wp-content\/uploads\/2020\/06\/Signatura-JK-png-268x300.png\" data-large-file=\"https:\/\/www.obalkydodalky.cz\/wp-content\/uploads\/2020\/06\/Signatura-JK-png-916x1024.png\" src=\"http:\/\/www.obalkydodalky.cz\/wp-content\/uploads\/2020\/06\/Signatura-JK-png-916x1024.png\" alt=\"\" class=\"wp-image-441\" width=\"153\" height=\"171\" srcset=\"https:\/\/www.obalkydodalky.cz\/wp-content\/uploads\/2020\/06\/Signatura-JK-png-916x1024.png 916w, https:\/\/www.obalkydodalky.cz\/wp-content\/uploads\/2020\/06\/Signatura-JK-png-324x362.png 324w, https:\/\/www.obalkydodalky.cz\/wp-content\/uploads\/2020\/06\/Signatura-JK-png-416x465.png 416w, https:\/\/www.obalkydodalky.cz\/wp-content\/uploads\/2020\/06\/Signatura-JK-png-268x300.png 268w, https:\/\/www.obalkydodalky.cz\/wp-content\/uploads\/2020\/06\/Signatura-JK-png-768x858.png 768w, https:\/\/www.obalkydodalky.cz\/wp-content\/uploads\/2020\/06\/Signatura-JK-png.png 987w\" sizes=\"auto, (max-width: 153px) 100vw, 153px\" \/><\/figure><\/div><div style=\"height:30px\" aria-hidden=\"true\" class=\"wp-block-spacer\"><\/div><figure class=\"wp-block-pullquote alignwide is-style-default has-black-color has-text-color\"><blockquote><p><em><mark style=\"background-color:rgba(0, 0, 0, 0)\" class=\"has-inline-color has-very-dark-gray-color\">Naleznete zde d\u00e1rkov\u00e9 ob\u00e1lky na vzkaz \u010di poukaz <\/mark><\/em><br><em>\u2013 vhodn\u00e9 do pug\u00e9tu, k narozeninov\u00e9mu p\u0159\u00e1n\u00ed i svatebn\u00edmu daru. <\/em><br><em><br>Svatebn\u00ed (\u010di jin\u00e9) ozn\u00e1men\u00ed vytvo\u0159en\u00e9 digit\u00e1ln\u00ed animac\u00ed nebo nati\u0161t\u011bn\u00e9 na pap\u00edru. <\/em><br><em><br><mark style=\"background-color:rgba(0, 0, 0, 0)\" class=\"has-inline-color has-very-dark-gray-color\">Koresponden\u010dn\u00ed pohlednic<\/mark><\/em>e a p\u0159\u00e1n\u00ed. <\/p><\/blockquote><\/figure><div style=\"height:35px\" aria-hidden=\"true\" class=\"wp-block-spacer\"><\/div><div class=\"wp-block-image\"><figure class=\"aligncenter size-large is-resized\"><img loading=\"lazy\" decoding=\"async\" data-attachment-id=\"21\" data-permalink=\"https:\/\/www.obalkydodalky.cz\/?attachment_id=21\" data-orig-file=\"https:\/\/www.obalkydodalky.cz\/wp-content\/uploads\/2020\/04\/Logotyp-\u010dern\u00fd.jpg\" data-orig-size=\"1741,1724\" data-comments-opened=\"1\" data-image-meta=\"{&quot;aperture&quot;:&quot;0&quot;,&quot;credit&quot;:&quot;&quot;,&quot;camera&quot;:&quot;&quot;,&quot;caption&quot;:&quot;&quot;,&quot;created_timestamp&quot;:&quot;0&quot;,&quot;copyright&quot;:&quot;&quot;,&quot;focal_length&quot;:&quot;0&quot;,&quot;iso&quot;:&quot;0&quot;,&quot;shutter_speed&quot;:&quot;0&quot;,&quot;title&quot;:&quot;&quot;,&quot;orientation&quot;:&quot;0&quot;}\" data-image-title=\"Logotyp \u010dern\u00fd\" data-image-description=\"\" data-image-caption=\"\" data-medium-file=\"https:\/\/www.obalkydodalky.cz\/wp-content\/uploads\/2020\/04\/Logotyp-\u010dern\u00fd-300x297.jpg\" data-large-file=\"https:\/\/www.obalkydodalky.cz\/wp-content\/uploads\/2020\/04\/Logotyp-\u010dern\u00fd-1024x1014.jpg\" src=\"http:\/\/www.obalkydodalky.cz\/wp-content\/uploads\/2020\/04\/Logotyp-\u010dern\u00fd-1024x1014.jpg\" alt=\"\" class=\"wp-image-21\" width=\"241\" height=\"239\" srcset=\"https:\/\/www.obalkydodalky.cz\/wp-content\/uploads\/2020\/04\/Logotyp-\u010dern\u00fd-1024x1014.jpg 1024w, https:\/\/www.obalkydodalky.cz\/wp-content\/uploads\/2020\/04\/Logotyp-\u010dern\u00fd-324x321.jpg 324w, https:\/\/www.obalkydodalky.cz\/wp-content\/uploads\/2020\/04\/Logotyp-\u010dern\u00fd-100x100.jpg 100w, https:\/\/www.obalkydodalky.cz\/wp-content\/uploads\/2020\/04\/Logotyp-\u010dern\u00fd-416x412.jpg 416w, https:\/\/www.obalkydodalky.cz\/wp-content\/uploads\/2020\/04\/Logotyp-\u010dern\u00fd-150x150.jpg 150w, https:\/\/www.obalkydodalky.cz\/wp-content\/uploads\/2020\/04\/Logotyp-\u010dern\u00fd-300x297.jpg 300w, https:\/\/www.obalkydodalky.cz\/wp-content\/uploads\/2020\/04\/Logotyp-\u010dern\u00fd-768x761.jpg 768w, https:\/\/www.obalkydodalky.cz\/wp-content\/uploads\/2020\/04\/Logotyp-\u010dern\u00fd.jpg 1741w\" sizes=\"auto, (max-width: 241px) 100vw, 241px\" \/><\/figure><\/div><p><\/p>","protected":false},"excerpt":{"rendered":"<p>Ob\u00e1lky, svatebn\u00ed ozn\u00e1men\u00ed, pohlednice i v\u00edce. &nbsp;Autorsk\u00e1 ru\u010dn\u00ed tvorba na m\u00edru.Digit\u00e1ln\u011b i z pap\u00edru. ob\u00e1lkydod\u00e1lky je online obchod s autorsk\u00fdmi v\u00fdrobky\u2013 dopisn\u00ed p\u0159\u00e1n\u00ed a ozn\u00e1men\u00ed \u2013 ru\u010dn\u011b kreslen\u00e1 na tabletu a ti\u0161t\u011bn\u00e1 na pap\u00edr nebo utvo\u0159en\u00e1 do digit\u00e1ln\u00ed animace. Kresby a grafiku utv\u00e1\u0159\u00edm i dle individu\u00e1ln\u00edch p\u0159\u00e1n\u00ed z\u00e1kazn\u00edka. &#8222;Sd\u00edlet origin\u00e1l.&#8220; J.K. Naleznete zde d\u00e1rkov\u00e9 ob\u00e1lky [&hellip;]<\/p>\n","protected":false},"author":1,"featured_media":0,"parent":0,"menu_order":0,"comment_status":"closed","ping_status":"closed","template":"","meta":{"jetpack_post_was_ever_published":false,"footnotes":""},"class_list":["post-96","page","type-page","status-publish","hentry"],"jetpack_sharing_enabled":true,"_links":{"self":[{"href":"https:\/\/www.obalkydodalky.cz\/index.php?rest_route=\/wp\/v2\/pages\/96","targetHints":{"allow":["GET"]}}],"collection":[{"href":"https:\/\/www.obalkydodalky.cz\/index.php?rest_route=\/wp\/v2\/pages"}],"about":[{"href":"https:\/\/www.obalkydodalky.cz\/index.php?rest_route=\/wp\/v2\/types\/page"}],"author":[{"embeddable":true,"href":"https:\/\/www.obalkydodalky.cz\/index.php?rest_route=\/wp\/v2\/users\/1"}],"replies":[{"embeddable":true,"href":"https:\/\/www.obalkydodalky.cz\/index.php?rest_route=%2Fwp%2Fv2%2Fcomments&post=96"}],"version-history":[{"count":133,"href":"https:\/\/www.obalkydodalky.cz\/index.php?rest_route=\/wp\/v2\/pages\/96\/revisions"}],"predecessor-version":[{"id":714,"href":"https:\/\/www.obalkydodalky.cz\/index.php?rest_route=\/wp\/v2\/pages\/96\/revisions\/714"}],"wp:attachment":[{"href":"https:\/\/www.obalkydodalky.cz\/index.php?rest_route=%2Fwp%2Fv2%2Fmedia&parent=96"}],"curies":[{"name":"wp","href":"https:\/\/api.w.org\/{rel}","templated":true}]}}